{"id":282,"date":"2025-09-26T15:24:37","date_gmt":"2025-09-26T13:24:37","guid":{"rendered":"https:\/\/polyphonia.com\/?page_id=282"},"modified":"2025-09-26T15:24:37","modified_gmt":"2025-09-26T13:24:37","slug":"confidentialite-securite","status":"publish","type":"page","link":"https:\/\/polyphonia.com\/?page_id=282","title":{"rendered":"Confidentialit\u00e9 &#038;  S\u00e9curit\u00e9"},"content":{"rendered":"<h2>La protection de vos informations est au c\u0153ur de nos priorit\u00e9s.<\/h2>\n<p>Nous utilisons des solutions professionnelles reconnues pour le chiffrement et l\u2019effacement d\u00e9finitif de vos fichiers.<\/p>\n<p><strong>Chiffrement avanc\u00e9<\/strong> : vos donn\u00e9es sont prot\u00e9g\u00e9es par des algorithmes de s\u00e9curit\u00e9 de niveau international, emp\u00eachant tout acc\u00e8s non autoris\u00e9.<br \/>\n<strong>Effacement certifi\u00e9<\/strong> : lorsque vous nous confiez des donn\u00e9es \u00e0 supprimer, elles sont d\u00e9truites de mani\u00e8re irr\u00e9versible, sans possibilit\u00e9 de r\u00e9cup\u00e9ration.<\/p>\n<p>Gr\u00e2ce \u00e0 ces outils de r\u00e9f\u00e9rence, nous vous garantissons une <strong>gestion s\u00e9curis\u00e9e de vos informations sensibles<\/strong>.<br \/>\nConfiez-nous vos donn\u00e9es en toute s\u00e9r\u00e9nit\u00e9 : elles resteront confidentielles, prot\u00e9g\u00e9es et trait\u00e9es avec le plus haut niveau de s\u00e9curit\u00e9.<\/p>\n","protected":false},"excerpt":{"rendered":"<p>La protection de vos informations est au c\u0153ur de nos priorit\u00e9s. Nous utilisons des solutions professionnelles reconnues pour le chiffrement et l\u2019effacement d\u00e9finitif de vos fichiers. Chiffrement avanc\u00e9 : vos donn\u00e9es sont prot\u00e9g\u00e9es par des algorithmes de s\u00e9curit\u00e9 de niveau international, emp\u00eachant tout acc\u00e8s non autoris\u00e9. Effacement certifi\u00e9 : lorsque vous nous confiez des donn\u00e9es&hellip; <a class=\"more-link\" href=\"https:\/\/polyphonia.com\/?page_id=282\">Poursuivre la lecture <span class=\"screen-reader-text\">Confidentialit\u00e9 &#038;  S\u00e9curit\u00e9<\/span><\/a><\/p>\n","protected":false},"author":1,"featured_media":0,"parent":0,"menu_order":0,"comment_status":"closed","ping_status":"closed","template":"page-mentions.php","meta":{"footnotes":""},"class_list":["post-282","page","type-page","status-publish","hentry","entry"],"acf":[],"_links":{"self":[{"href":"https:\/\/polyphonia.com\/index.php?rest_route=\/wp\/v2\/pages\/282","targetHints":{"allow":["GET"]}}],"collection":[{"href":"https:\/\/polyphonia.com\/index.php?rest_route=\/wp\/v2\/pages"}],"about":[{"href":"https:\/\/polyphonia.com\/index.php?rest_route=\/wp\/v2\/types\/page"}],"author":[{"embeddable":true,"href":"https:\/\/polyphonia.com\/index.php?rest_route=\/wp\/v2\/users\/1"}],"replies":[{"embeddable":true,"href":"https:\/\/polyphonia.com\/index.php?rest_route=%2Fwp%2Fv2%2Fcomments&post=282"}],"version-history":[{"count":1,"href":"https:\/\/polyphonia.com\/index.php?rest_route=\/wp\/v2\/pages\/282\/revisions"}],"predecessor-version":[{"id":283,"href":"https:\/\/polyphonia.com\/index.php?rest_route=\/wp\/v2\/pages\/282\/revisions\/283"}],"wp:attachment":[{"href":"https:\/\/polyphonia.com\/index.php?rest_route=%2Fwp%2Fv2%2Fmedia&parent=282"}],"curies":[{"name":"wp","href":"https:\/\/api.w.org\/{rel}","templated":true}]}}