{"id":273,"date":"2025-09-26T14:55:33","date_gmt":"2025-09-26T12:55:33","guid":{"rendered":"https:\/\/polyphonia.com\/?page_id=273"},"modified":"2025-09-26T15:32:57","modified_gmt":"2025-09-26T13:32:57","slug":"lia-nous-lia-vous","status":"publish","type":"page","link":"https:\/\/polyphonia.com\/?page_id=273","title":{"rendered":"L\u2019IA &#038; nous, l\u2019IA &#038; vous"},"content":{"rendered":"<p><strong>Une expertise humaine renforc\u00e9e par une IA exclusive<\/strong><\/p>\n<p>Pour nos \u00e9quipes, la traduction demeure avant tout une affaire de <strong>talent et d\u2019exp\u00e9rience<\/strong>. Nos <strong>traducteurs hautement qualifi\u00e9s<\/strong> vous garantissent exactitude du sens, ma\u00eetrise du style et respect de votre ADN.<\/p>\n<p>Afin de renforcer encore cette exigence d\u2019excellence, nous int\u00e9grons une <strong>intelligence artificielle s\u00e9curis\u00e9e<\/strong> que nous entra\u00eenons pour chaque client sp\u00e9cifique. Il s&rsquo;agit d&rsquo;un outil d\u2019appui, et en aucun cas d&rsquo;un substitut \u00e0 l\u2019expertise humaine.<\/p>\n<ul>\n<li><strong>M\u00e9moire linguistique \u00e9volutive<\/strong> : une base optimis\u00e9e, enrichie et strictement d\u00e9di\u00e9e \u00e0 votre marque<\/li>\n<li><strong>Coh\u00e9rence stylistique<\/strong> : homog\u00e9n\u00e9it\u00e9 sur l\u2019ensemble de vos communications, de la note interne aux publications institutionnelles<\/li>\n<li><strong>Fluidit\u00e9 r\u00e9dactionnelle<\/strong> : des textes idiomatiques, po\u00e9tiques, \u00e0 la hauteur de votre image du luxe<\/li>\n<li><strong>Confidentialit\u00e9 absolue<\/strong> : une IA <strong>enti\u00e8rement priv\u00e9e et exclusive \u00e0 votre entreprise \u2013<\/strong> vos donn\u00e9es ne sont jamais ni partag\u00e9es, ni mutualis\u00e9es.<\/li>\n<\/ul>\n<p>Ce mod\u00e8le hybride \u2013 <strong>le savoir-faire humain alli\u00e9 \u00e0 une technologie sur mesure<\/strong> \u2013 nous permet de gagner en comp\u00e9titivit\u00e9 et en rapidit\u00e9, sans compromis sur la qualit\u00e9.<\/p>\n","protected":false},"excerpt":{"rendered":"<p>Une expertise humaine renforc\u00e9e par une IA exclusive Pour nos \u00e9quipes, la traduction demeure avant tout une affaire de talent et d\u2019exp\u00e9rience. Nos traducteurs hautement qualifi\u00e9s vous garantissent exactitude du sens, ma\u00eetrise du style et respect de votre ADN. Afin de renforcer encore cette exigence d\u2019excellence, nous int\u00e9grons une intelligence artificielle s\u00e9curis\u00e9e que nous entra\u00eenons&hellip; <a class=\"more-link\" href=\"https:\/\/polyphonia.com\/?page_id=273\">Poursuivre la lecture <span class=\"screen-reader-text\">L\u2019IA &#038; nous, l\u2019IA &#038; vous<\/span><\/a><\/p>\n","protected":false},"author":1,"featured_media":0,"parent":0,"menu_order":0,"comment_status":"closed","ping_status":"closed","template":"page-engagements.php","meta":{"footnotes":""},"class_list":["post-273","page","type-page","status-publish","hentry","entry"],"acf":[],"_links":{"self":[{"href":"https:\/\/polyphonia.com\/index.php?rest_route=\/wp\/v2\/pages\/273","targetHints":{"allow":["GET"]}}],"collection":[{"href":"https:\/\/polyphonia.com\/index.php?rest_route=\/wp\/v2\/pages"}],"about":[{"href":"https:\/\/polyphonia.com\/index.php?rest_route=\/wp\/v2\/types\/page"}],"author":[{"embeddable":true,"href":"https:\/\/polyphonia.com\/index.php?rest_route=\/wp\/v2\/users\/1"}],"replies":[{"embeddable":true,"href":"https:\/\/polyphonia.com\/index.php?rest_route=%2Fwp%2Fv2%2Fcomments&post=273"}],"version-history":[{"count":11,"href":"https:\/\/polyphonia.com\/index.php?rest_route=\/wp\/v2\/pages\/273\/revisions"}],"predecessor-version":[{"id":288,"href":"https:\/\/polyphonia.com\/index.php?rest_route=\/wp\/v2\/pages\/273\/revisions\/288"}],"wp:attachment":[{"href":"https:\/\/polyphonia.com\/index.php?rest_route=%2Fwp%2Fv2%2Fmedia&parent=273"}],"curies":[{"name":"wp","href":"https:\/\/api.w.org\/{rel}","templated":true}]}}